{"id":93,"date":"2023-09-14T13:40:00","date_gmt":"2023-09-14T11:40:00","guid":{"rendered":"https:\/\/syscom.lu\/?page_id=93"},"modified":"2023-09-14T13:57:27","modified_gmt":"2023-09-14T11:57:27","slug":"93-2","status":"publish","type":"page","link":"https:\/\/syscom.lu\/index.php\/93-2\/","title":{"rendered":"T\u00c9L\u00c9PHONIE"},"content":{"rendered":"<p>[et_pb_section fb_built=\u00a0\u00bb1&Prime; _builder_version=\u00a0\u00bb4.22.1&Prime; _module_preset=\u00a0\u00bbdefault\u00a0\u00bb global_colors_info=\u00a0\u00bb{}\u00a0\u00bb][et_pb_row column_structure=\u00a0\u00bb2_5,3_5&Prime; _builder_version=\u00a0\u00bb4.22.1&Prime; _module_preset=\u00a0\u00bbdefault\u00a0\u00bb global_colors_info=\u00a0\u00bb{}\u00a0\u00bb][et_pb_column type=\u00a0\u00bb2_5&Prime; _builder_version=\u00a0\u00bb4.22.1&Prime; _module_preset=\u00a0\u00bbdefault\u00a0\u00bb global_colors_info=\u00a0\u00bb{}\u00a0\u00bb][et_pb_text _builder_version=\u00a0\u00bb4.22.1&Prime; _module_preset=\u00a0\u00bbdefault\u00a0\u00bb header_font=\u00a0\u00bb||on|on|||||\u00a0\u00bb header_text_align=\u00a0\u00bbcenter\u00a0\u00bb header_text_color=\u00a0\u00bb#FF9600&Prime; header_font_size=\u00a0\u00bb37px\u00a0\u00bb global_colors_info=\u00a0\u00bb{}\u00a0\u00bb]<\/p>\n<h1>T\u00c9L\u00c9PHONIE<\/h1>\n<p>[\/et_pb_text][et_pb_image src=\u00a0\u00bbhttps:\/\/syscom.lu\/wp-content\/uploads\/2023\/09\/4686490.jpg\u00a0\u00bb title_text=\u00a0\u00bb4686490&Prime; _builder_version=\u00a0\u00bb4.22.1&Prime; _module_preset=\u00a0\u00bbdefault\u00a0\u00bb global_colors_info=\u00a0\u00bb{}\u00a0\u00bb][\/et_pb_image][\/et_pb_column][et_pb_column type=\u00a0\u00bb3_5&Prime; _builder_version=\u00a0\u00bb4.22.1&Prime; _module_preset=\u00a0\u00bbdefault\u00a0\u00bb global_colors_info=\u00a0\u00bb{}\u00a0\u00bb][et_pb_text _builder_version=\u00a0\u00bb4.22.1&Prime; _module_preset=\u00a0\u00bbdefault\u00a0\u00bb custom_margin=\u00a0\u00bb71px||0px||false|false\u00a0\u00bb custom_padding=\u00a0\u00bb||0px||false|false\u00a0\u00bb hover_enabled=\u00a0\u00bb0&Prime; global_colors_info=\u00a0\u00bb{}\u00a0\u00bb sticky_enabled=\u00a0\u00bb0&Prime;]<\/p>\n<h3 class=\"p1\">D\u00c9PLOIEMENT ET MODERNISATION DE LA T\u00c9L\u00c9PHONIE MOBILE 3G, 4G, 5G<\/h3>\n<p class=\"p1\">Sp\u00e9cialis\u00e9e dans les t\u00e9l\u00e9communications mobiles, nous accompagnons nos clients dans leurs projets :<\/p>\n<p class=\"p1\">&#8211; Conception de sites<\/p>\n<p class=\"p1\">&#8211; R\u00e9alisation des travaux d\u2019am\u00e9nagement \/ r\u00e9am\u00e9nagement<\/p>\n<p class=\"p1\">&#8211; Mise en service d\u2019\u00e9quipements<\/p>\n<p class=\"p1\">&#8211; Int\u00e9grations paysag\u00e8res<\/p>\n<p class=\"p1\">&#8211; Travaux d\u2019acc\u00e8s difficile cordistes<\/p>\n<p class=\"p1\">Nous travaillons actuellement pour tous les op\u00e9rateurs et avons la maitrise du panel d\u2019\u00e9quipementiers sur le march\u00e9 ( NOKIA \/ HUAWEI \/ ERICSON ).<\/p>\n<p class=\"p1\">Forte de son exp\u00e9rience, notre entreprise intervient sur toute la r\u00e9gion Nord, Haut de France, Grand Est, Belgique &amp; Luxembourg aupr\u00e8s de clients professionnels qui nous font confiance depuis plusieurs ann\u00e9es.<\/p>\n<p class=\"p1\">Avec une offre de services qualitative, assurant une performance op\u00e9rationnelle pour les clients op\u00e9rateurs.<\/p>\n<p>[\/et_pb_text][\/et_pb_column][\/et_pb_row][\/et_pb_section]<\/p>\n","protected":false},"excerpt":{"rendered":"<p>T\u00c9L\u00c9PHONIED\u00c9PLOIEMENT ET MODERNISATION DE LA T\u00c9L\u00c9PHONIE MOBILE 3G, 4G, 5G Sp\u00e9cialis\u00e9e dans les t\u00e9l\u00e9communications mobiles, nous accompagnons nos clients dans leurs projets : &#8211; Conception de sites &#8211; R\u00e9alisation des travaux d\u2019am\u00e9nagement \/ r\u00e9am\u00e9nagement &#8211; Mise en service d\u2019\u00e9quipements &#8211; Int\u00e9grations paysag\u00e8res &#8211; Travaux d\u2019acc\u00e8s difficile cordistes Nous travaillons actuellement pour tous les op\u00e9rateurs et [&hellip;]<\/p>\n","protected":false},"author":1,"featured_media":0,"parent":0,"menu_order":0,"comment_status":"closed","ping_status":"closed","template":"","meta":{"_et_pb_use_builder":"on","_et_pb_old_content":"","_et_gb_content_width":"","footnotes":""},"_links":{"self":[{"href":"https:\/\/syscom.lu\/index.php\/wp-json\/wp\/v2\/pages\/93"}],"collection":[{"href":"https:\/\/syscom.lu\/index.php\/wp-json\/wp\/v2\/pages"}],"about":[{"href":"https:\/\/syscom.lu\/index.php\/wp-json\/wp\/v2\/types\/page"}],"author":[{"embeddable":true,"href":"https:\/\/syscom.lu\/index.php\/wp-json\/wp\/v2\/users\/1"}],"replies":[{"embeddable":true,"href":"https:\/\/syscom.lu\/index.php\/wp-json\/wp\/v2\/comments?post=93"}],"version-history":[{"count":5,"href":"https:\/\/syscom.lu\/index.php\/wp-json\/wp\/v2\/pages\/93\/revisions"}],"predecessor-version":[{"id":115,"href":"https:\/\/syscom.lu\/index.php\/wp-json\/wp\/v2\/pages\/93\/revisions\/115"}],"wp:attachment":[{"href":"https:\/\/syscom.lu\/index.php\/wp-json\/wp\/v2\/media?parent=93"}],"curies":[{"name":"wp","href":"https:\/\/api.w.org\/{rel}","templated":true}]}}