{"id":72,"date":"2023-09-14T12:57:47","date_gmt":"2023-09-14T10:57:47","guid":{"rendered":"https:\/\/syscom.lu\/?page_id=72"},"modified":"2023-09-28T12:05:46","modified_gmt":"2023-09-28T10:05:46","slug":"a-propos","status":"publish","type":"page","link":"https:\/\/syscom.lu\/index.php\/a-propos\/","title":{"rendered":"\u00c0 PROPOS"},"content":{"rendered":"<p>[et_pb_section fb_built=\u00a0\u00bb1&Prime; _builder_version=\u00a0\u00bb4.22.1&Prime; _module_preset=\u00a0\u00bbdefault\u00a0\u00bb global_colors_info=\u00a0\u00bb{}\u00a0\u00bb][et_pb_row column_structure=\u00a0\u00bb1_3,2_3&Prime; _builder_version=\u00a0\u00bb4.22.1&Prime; _module_preset=\u00a0\u00bbdefault\u00a0\u00bb global_colors_info=\u00a0\u00bb{}\u00a0\u00bb][et_pb_column type=\u00a0\u00bb1_3&Prime; _builder_version=\u00a0\u00bb4.22.1&Prime; _module_preset=\u00a0\u00bbdefault\u00a0\u00bb global_colors_info=\u00a0\u00bb{}\u00a0\u00bb][et_pb_divider show_divider=\u00a0\u00bboff\u00a0\u00bb _builder_version=\u00a0\u00bb4.22.1&Prime; _module_preset=\u00a0\u00bbdefault\u00a0\u00bb custom_margin=\u00a0\u00bb||13px||false|false\u00a0\u00bb global_colors_info=\u00a0\u00bb{}\u00a0\u00bb][\/et_pb_divider][et_pb_image title_text=\u00a0\u00bbPhoto Je\u0301re\u0301my\u00a0\u00bb align=\u00a0\u00bbcenter\u00a0\u00bb _builder_version=\u00a0\u00bb4.22.1&Prime; _module_preset=\u00a0\u00bbdefault\u00a0\u00bb width=\u00a0\u00bb55%\u00a0\u00bb hover_enabled=\u00a0\u00bb0&Prime; border_radii=\u00a0\u00bbon|100px|100px|100px|100px\u00a0\u00bb global_colors_info=\u00a0\u00bb{}\u00a0\u00bb src=\u00a0\u00bbhttps:\/\/syscom.lu\/wp-content\/uploads\/2023\/09\/Photo-Jeremy-1.jpg\u00a0\u00bb sticky_enabled=\u00a0\u00bb0&Prime;][\/et_pb_image][et_pb_text _builder_version=\u00a0\u00bb4.22.1&Prime; _module_preset=\u00a0\u00bbdefault\u00a0\u00bb header_text_align=\u00a0\u00bbcenter\u00a0\u00bb global_colors_info=\u00a0\u00bb{}\u00a0\u00bb]<\/p>\n<p style=\"text-align: center;\">J\u00e9r\u00e9my DELGRANGE<\/p>\n<p>[\/et_pb_text][et_pb_divider show_divider=\u00a0\u00bboff\u00a0\u00bb _builder_version=\u00a0\u00bb4.22.1&Prime; _module_preset=\u00a0\u00bbdefault\u00a0\u00bb custom_margin=\u00a0\u00bb||35px||false|false\u00a0\u00bb global_colors_info=\u00a0\u00bb{}\u00a0\u00bb][\/et_pb_divider][et_pb_image src=\u00a0\u00bbhttps:\/\/syscom.lu\/wp-content\/uploads\/2023\/09\/philippe.png\u00a0\u00bb title_text=\u00a0\u00bbphilippe\u00a0\u00bb align=\u00a0\u00bbcenter\u00a0\u00bb _builder_version=\u00a0\u00bb4.22.1&Prime; _module_preset=\u00a0\u00bbdefault\u00a0\u00bb width=\u00a0\u00bb55%\u00a0\u00bb border_radii=\u00a0\u00bbon|100px|100px|100px|100px\u00a0\u00bb global_colors_info=\u00a0\u00bb{}\u00a0\u00bb][\/et_pb_image][et_pb_text _builder_version=\u00a0\u00bb4.22.1&Prime; _module_preset=\u00a0\u00bbdefault\u00a0\u00bb global_colors_info=\u00a0\u00bb{}\u00a0\u00bb]<\/p>\n<p style=\"text-align: center;\">Philippe DUPONT<\/p>\n<p>[\/et_pb_text][\/et_pb_column][et_pb_column type=\u00a0\u00bb2_3&Prime; _builder_version=\u00a0\u00bb4.22.1&Prime; _module_preset=\u00a0\u00bbdefault\u00a0\u00bb global_colors_info=\u00a0\u00bb{}\u00a0\u00bb][et_pb_text _builder_version=\u00a0\u00bb4.22.1&Prime; _module_preset=\u00a0\u00bbdefault\u00a0\u00bb global_colors_info=\u00a0\u00bb{}\u00a0\u00bb]<\/p>\n<p class=\"p1\" style=\"text-align: justify;\">Fond\u00e9e en 2016, <strong>Syscom Technologies s.a.<\/strong>, c\u2019est l\u2019histoire de deux esprits passionn\u00e9s par l\u2019\u00e9lectricit\u00e9, J\u00e9r\u00e9my Delgrange et Philippe Dupont.<\/p>\n<p class=\"p1\" style=\"text-align: justify;\">Rien ne semblait les destiner \u00e0 s\u2019associer. Leur histoire commence bien avant la cr\u00e9ation de l\u2019entreprise dans des parcours de vie s\u00e9par\u00e9s.<\/p>\n<p class=\"p1\" style=\"text-align: justify;\">J\u00e9r\u00e9my Delgrange, dipl\u00f4m\u00e9 en Sciences et Technologies Industrielles, travaille et d\u00e9veloppe ses comp\u00e9tences professionnelles en tant que pilote chantiers de projets en r\u00e9seaux fixes et mobiles des op\u00e9rateurs t\u00e9l\u00e9coms au sein de grands groupes de la t\u00e9l\u00e9phonie en France.<\/p>\n<p class=\"p1\" style=\"text-align: justify;\">Philippe Dupont, un installateur et technicien \u00e9lectricien chevronn\u00e9, travaille comme ind\u00e9pendant et entrepreneur. Fort de son exp\u00e9rience de chef d\u2019entreprise dans le domaine de l\u2019\u00e9lectricit\u00e9 en Belgique et en France, Philippe m\u00e8nera \u00e0 bien tous les projets dans le domaine \u00e9lectrique.<\/p>\n<p class=\"p1\" style=\"text-align: justify;\">Unis par la m\u00eame passion pour l\u2019\u00e9lectricit\u00e9, les syst\u00e8mes \u00e9lectriques, les c\u00e2bles, etc\u2026, leur rencontre est fortuite sur un chantier commun sur lequel J\u00e9r\u00e9my et Philippe \u0153uvraient ind\u00e9pendamment. Cette rencontre entre intervenants allait devenir une v\u00e9ritable collaboration.<\/p>\n<p class=\"p1\" style=\"text-align: justify;\"><strong>Syscom Technologies s.a.<\/strong> est n\u00e9e de cette passion et de cette conviction commune, mais \u00e9galement d\u2019une vision similaire : mettre <strong>leur exp\u00e9rience et leur expertise au service de l\u2019innovation<\/strong> en d\u00e9veloppant deux activit\u00e9s suppl\u00e9mentaires dans le secteur <strong>des \u00e9nergies renouvelables :<\/strong><\/p>\n<p class=\"p1\" style=\"text-align: justify;\">&#8211; Photovolta\u00efque,<\/p>\n<p class=\"p1\" style=\"text-align: justify;\">&#8211; Bornes de recharges \u00e9lectriques \u2013 IRVE<\/p>\n<p class=\"p1\" style=\"text-align: justify;\">Avantag\u00e9e par la taille humaine de l\u2019entreprise, la communication y est ouverte et efficace. Elle permet une coh\u00e9sion d\u2019\u00e9quipe, une flexibilit\u00e9 et une <strong>r\u00e9activit\u00e9 aux changements du march\u00e9<\/strong> pour assurer <strong>la satisfaction de nos clients.<\/strong><\/p>\n<p>[\/et_pb_text][\/et_pb_column][\/et_pb_row][\/et_pb_section]<\/p>\n","protected":false},"excerpt":{"rendered":"<p>J\u00e9r\u00e9my DELGRANGEPhilippe DUPONTFond\u00e9e en 2016, Syscom Technologies s.a., c\u2019est l\u2019histoire de deux esprits passionn\u00e9s par l\u2019\u00e9lectricit\u00e9, J\u00e9r\u00e9my Delgrange et Philippe Dupont. Rien ne semblait les destiner \u00e0 s\u2019associer. Leur histoire commence bien avant la cr\u00e9ation de l\u2019entreprise dans des parcours de vie s\u00e9par\u00e9s. J\u00e9r\u00e9my Delgrange, dipl\u00f4m\u00e9 en Sciences et Technologies Industrielles, travaille et d\u00e9veloppe ses [&hellip;]<\/p>\n","protected":false},"author":1,"featured_media":0,"parent":0,"menu_order":0,"comment_status":"closed","ping_status":"closed","template":"","meta":{"_et_pb_use_builder":"on","_et_pb_old_content":"","_et_gb_content_width":"","footnotes":""},"_links":{"self":[{"href":"https:\/\/syscom.lu\/index.php\/wp-json\/wp\/v2\/pages\/72"}],"collection":[{"href":"https:\/\/syscom.lu\/index.php\/wp-json\/wp\/v2\/pages"}],"about":[{"href":"https:\/\/syscom.lu\/index.php\/wp-json\/wp\/v2\/types\/page"}],"author":[{"embeddable":true,"href":"https:\/\/syscom.lu\/index.php\/wp-json\/wp\/v2\/users\/1"}],"replies":[{"embeddable":true,"href":"https:\/\/syscom.lu\/index.php\/wp-json\/wp\/v2\/comments?post=72"}],"version-history":[{"count":8,"href":"https:\/\/syscom.lu\/index.php\/wp-json\/wp\/v2\/pages\/72\/revisions"}],"predecessor-version":[{"id":192,"href":"https:\/\/syscom.lu\/index.php\/wp-json\/wp\/v2\/pages\/72\/revisions\/192"}],"wp:attachment":[{"href":"https:\/\/syscom.lu\/index.php\/wp-json\/wp\/v2\/media?parent=72"}],"curies":[{"name":"wp","href":"https:\/\/api.w.org\/{rel}","templated":true}]}}