{"id":109,"date":"2023-09-14T13:56:53","date_gmt":"2023-09-14T11:56:53","guid":{"rendered":"https:\/\/syscom.lu\/?page_id=109"},"modified":"2023-09-20T11:22:12","modified_gmt":"2023-09-20T09:22:12","slug":"109-2","status":"publish","type":"page","link":"https:\/\/syscom.lu\/index.php\/109-2\/","title":{"rendered":"BORNES DE RECHARGE \u00c9LECTRIQUE"},"content":{"rendered":"<p>[et_pb_section fb_built=\u00a0\u00bb1&Prime; _builder_version=\u00a0\u00bb4.22.1&Prime; _module_preset=\u00a0\u00bbdefault\u00a0\u00bb global_colors_info=\u00a0\u00bb{}\u00a0\u00bb][et_pb_row column_structure=\u00a0\u00bb2_5,3_5&Prime; _builder_version=\u00a0\u00bb4.22.1&Prime; _module_preset=\u00a0\u00bbdefault\u00a0\u00bb global_colors_info=\u00a0\u00bb{}\u00a0\u00bb][et_pb_column type=\u00a0\u00bb2_5&Prime; _builder_version=\u00a0\u00bb4.22.1&Prime; _module_preset=\u00a0\u00bbdefault\u00a0\u00bb global_colors_info=\u00a0\u00bb{}\u00a0\u00bb][et_pb_text _builder_version=\u00a0\u00bb4.22.1&Prime; _module_preset=\u00a0\u00bbdefault\u00a0\u00bb header_font=\u00a0\u00bb||on|on|||||\u00a0\u00bb header_text_align=\u00a0\u00bbcenter\u00a0\u00bb header_text_color=\u00a0\u00bb#FF9600&Prime; header_font_size=\u00a0\u00bb37px\u00a0\u00bb custom_margin=\u00a0\u00bb||59px|||\u00a0\u00bb global_colors_info=\u00a0\u00bb{}\u00a0\u00bb]<\/p>\n<h1>BORNES DE RECHARGE \u00c9LECTRIQUE<\/h1>\n<p>[\/et_pb_text][et_pb_image src=\u00a0\u00bbhttps:\/\/syscom.lu\/wp-content\/uploads\/2023\/09\/parking-bornes-recharge.jpg\u00a0\u00bb title_text=\u00a0\u00bbparking-bornes-recharge\u00a0\u00bb _builder_version=\u00a0\u00bb4.22.1&Prime; _module_preset=\u00a0\u00bbdefault\u00a0\u00bb global_colors_info=\u00a0\u00bb{}\u00a0\u00bb][\/et_pb_image][\/et_pb_column][et_pb_column type=\u00a0\u00bb3_5&Prime; _builder_version=\u00a0\u00bb4.22.1&Prime; _module_preset=\u00a0\u00bbdefault\u00a0\u00bb global_colors_info=\u00a0\u00bb{}\u00a0\u00bb][et_pb_text _builder_version=\u00a0\u00bb4.22.1&Prime; _module_preset=\u00a0\u00bbdefault\u00a0\u00bb custom_margin=\u00a0\u00bb17px||0px|7px|false|false\u00a0\u00bb custom_padding=\u00a0\u00bb||0px||false|false\u00a0\u00bb hover_enabled=\u00a0\u00bb0&Prime; global_colors_info=\u00a0\u00bb{}\u00a0\u00bb sticky_enabled=\u00a0\u00bb0&Prime;]<\/p>\n<p class=\"p1\" style=\"text-align: justify;\">Ayant compris les besoins des professionnels comme des particuliers, nous r\u00e9alisons la pose de bornes de recharge \u00e9lectrique pour v\u00e9hicules (IRVE \u2013 Infrastructure de Recharge pour V\u00e9hicules \u00c9lectriques) dans divers endroits, tels que :<\/p>\n<p class=\"p1\" style=\"text-align: justify;\">&#8211; garage priv\u00e9,<\/p>\n<p class=\"p1\" style=\"text-align: justify;\">&#8211; parkings r\u00e9sidentiels priv\u00e9s,<\/p>\n<p class=\"p1\" style=\"text-align: justify;\">en respectant un processus bien d\u00e9fini :<\/p>\n<p class=\"p1\" style=\"text-align: justify;\">&#8211; Rencontre initiale avec le client et collecter les informations n\u00e9cessaires<\/p>\n<p class=\"p1\" style=\"text-align: justify;\">pour l\u2019\u00e9tude du projet,<\/p>\n<p class=\"p1\" style=\"text-align: justify;\">&#8211; \u00c9valuation du site permettant de concevoir un syst\u00e8me adapt\u00e9 aux besoins du client,<\/p>\n<p class=\"p1\" style=\"text-align: justify;\">&#8211; L\u2019installation des bornes en respectant scrupuleusement les normes de s\u00e9curit\u00e9s et des r\u00e9glementations en vigueur.<\/p>\n<p>[\/et_pb_text][\/et_pb_column][\/et_pb_row][\/et_pb_section]<\/p>\n","protected":false},"excerpt":{"rendered":"<p>BORNES DE RECHARGE \u00c9LECTRIQUEAyant compris les besoins des professionnels comme des particuliers, nous r\u00e9alisons la pose de bornes de recharge \u00e9lectrique pour v\u00e9hicules (IRVE \u2013 Infrastructure de Recharge pour V\u00e9hicules \u00c9lectriques) dans divers endroits, tels que : &#8211; garage priv\u00e9, &#8211; parkings r\u00e9sidentiels priv\u00e9s, en respectant un processus bien d\u00e9fini : &#8211; Rencontre initiale avec [&hellip;]<\/p>\n","protected":false},"author":1,"featured_media":0,"parent":0,"menu_order":0,"comment_status":"closed","ping_status":"closed","template":"","meta":{"_et_pb_use_builder":"on","_et_pb_old_content":"","_et_gb_content_width":"","footnotes":""},"_links":{"self":[{"href":"https:\/\/syscom.lu\/index.php\/wp-json\/wp\/v2\/pages\/109"}],"collection":[{"href":"https:\/\/syscom.lu\/index.php\/wp-json\/wp\/v2\/pages"}],"about":[{"href":"https:\/\/syscom.lu\/index.php\/wp-json\/wp\/v2\/types\/page"}],"author":[{"embeddable":true,"href":"https:\/\/syscom.lu\/index.php\/wp-json\/wp\/v2\/users\/1"}],"replies":[{"embeddable":true,"href":"https:\/\/syscom.lu\/index.php\/wp-json\/wp\/v2\/comments?post=109"}],"version-history":[{"count":5,"href":"https:\/\/syscom.lu\/index.php\/wp-json\/wp\/v2\/pages\/109\/revisions"}],"predecessor-version":[{"id":173,"href":"https:\/\/syscom.lu\/index.php\/wp-json\/wp\/v2\/pages\/109\/revisions\/173"}],"wp:attachment":[{"href":"https:\/\/syscom.lu\/index.php\/wp-json\/wp\/v2\/media?parent=109"}],"curies":[{"name":"wp","href":"https:\/\/api.w.org\/{rel}","templated":true}]}}