{"id":100,"date":"2023-09-14T13:52:18","date_gmt":"2023-09-14T11:52:18","guid":{"rendered":"https:\/\/syscom.lu\/?page_id=100"},"modified":"2023-09-20T11:20:06","modified_gmt":"2023-09-20T09:20:06","slug":"100-2","status":"publish","type":"page","link":"https:\/\/syscom.lu\/index.php\/100-2\/","title":{"rendered":"PHOTOVOLTA\u00cfQUE"},"content":{"rendered":"<p>[et_pb_section fb_built=\u00a0\u00bb1&Prime; _builder_version=\u00a0\u00bb4.22.1&Prime; _module_preset=\u00a0\u00bbdefault\u00a0\u00bb global_colors_info=\u00a0\u00bb{}\u00a0\u00bb][et_pb_row column_structure=\u00a0\u00bb2_5,3_5&Prime; _builder_version=\u00a0\u00bb4.22.1&Prime; _module_preset=\u00a0\u00bbdefault\u00a0\u00bb global_colors_info=\u00a0\u00bb{}\u00a0\u00bb][et_pb_column type=\u00a0\u00bb2_5&Prime; _builder_version=\u00a0\u00bb4.22.1&Prime; _module_preset=\u00a0\u00bbdefault\u00a0\u00bb global_colors_info=\u00a0\u00bb{}\u00a0\u00bb][et_pb_text _builder_version=\u00a0\u00bb4.22.1&Prime; _module_preset=\u00a0\u00bbdefault\u00a0\u00bb header_font=\u00a0\u00bb||on|on|||||\u00a0\u00bb header_text_align=\u00a0\u00bbcenter\u00a0\u00bb header_text_color=\u00a0\u00bb#FF9600&Prime; header_font_size=\u00a0\u00bb37px\u00a0\u00bb custom_margin=\u00a0\u00bb||59px|||\u00a0\u00bb global_colors_info=\u00a0\u00bb{}\u00a0\u00bb]<\/p>\n<h1>PHOTOVOLTA\u00cfQUE<\/h1>\n<p>[\/et_pb_text][et_pb_image src=\u00a0\u00bbhttps:\/\/syscom.lu\/wp-content\/uploads\/2023\/09\/ecochauffage-panneaux-photovoltaiques.jpg\u00a0\u00bb title_text=\u00a0\u00bbecochauffage-panneaux-photovoltaiques\u00a0\u00bb _builder_version=\u00a0\u00bb4.22.1&Prime; _module_preset=\u00a0\u00bbdefault\u00a0\u00bb global_colors_info=\u00a0\u00bb{}\u00a0\u00bb][\/et_pb_image][\/et_pb_column][et_pb_column type=\u00a0\u00bb3_5&Prime; _builder_version=\u00a0\u00bb4.22.1&Prime; _module_preset=\u00a0\u00bbdefault\u00a0\u00bb global_colors_info=\u00a0\u00bb{}\u00a0\u00bb][et_pb_text _builder_version=\u00a0\u00bb4.22.1&Prime; _module_preset=\u00a0\u00bbdefault\u00a0\u00bb custom_margin=\u00a0\u00bb14px||0px|7px|false|false\u00a0\u00bb custom_padding=\u00a0\u00bb25px||0px||false|false\u00a0\u00bb hover_enabled=\u00a0\u00bb0&Prime; global_colors_info=\u00a0\u00bb{}\u00a0\u00bb sticky_enabled=\u00a0\u00bb0&Prime;]<\/p>\n<p class=\"p1\" style=\"text-align: justify;\">Nous r\u00e9alisons la pose de panneaux photovolta\u00efques pour <strong>professionnels<\/strong><\/p>\n<p class=\"p1\" style=\"text-align: justify;\"><strong>et particuliers<\/strong> depuis l\u2019\u00e9tude du projet jusqu\u2019\u00e0 la mise en service du<\/p>\n<p class=\"p1\" style=\"text-align: justify;\">syst\u00e8me en respectant les normes de s\u00e9curit\u00e9 et le tout dans les r\u00e8gles de<\/p>\n<p class=\"p1\" style=\"text-align: justify;\">l\u2019art suivant un processus bien d\u00e9fini :<\/p>\n<p class=\"p1\" style=\"text-align: justify;\">&#8211; Rencontre initiale avec le client et collecter les informations n\u00e9cessaires pour l\u2019\u00e9tude du projet,<\/p>\n<p class=\"p1\" style=\"text-align: justify;\">&#8211; \u00c9valuation du site permettant de concevoir un syst\u00e8me adapt\u00e9 aux besoins du client,<\/p>\n<p class=\"p1\" style=\"text-align: justify;\">&#8211; Conception et personnalisation du devis qui permettront d\u2019orienter le choix du type de panneaux et de tout le syst\u00e8me de montage,<\/p>\n<p class=\"p1\" style=\"text-align: justify;\">&#8211; Installation des panneaux par notre \u00e9quipe sp\u00e9cialis\u00e9e conform\u00e9ment aux normes de s\u00e9curit\u00e9.<\/p>\n<p>[\/et_pb_text][\/et_pb_column][\/et_pb_row][\/et_pb_section]<\/p>\n","protected":false},"excerpt":{"rendered":"<p>PHOTOVOLTA\u00cfQUENous r\u00e9alisons la pose de panneaux photovolta\u00efques pour professionnels et particuliers depuis l\u2019\u00e9tude du projet jusqu\u2019\u00e0 la mise en service du syst\u00e8me en respectant les normes de s\u00e9curit\u00e9 et le tout dans les r\u00e8gles de l\u2019art suivant un processus bien d\u00e9fini : &#8211; Rencontre initiale avec le client et collecter les informations n\u00e9cessaires pour l\u2019\u00e9tude [&hellip;]<\/p>\n","protected":false},"author":1,"featured_media":0,"parent":0,"menu_order":0,"comment_status":"closed","ping_status":"closed","template":"","meta":{"_et_pb_use_builder":"on","_et_pb_old_content":"","_et_gb_content_width":"","footnotes":""},"_links":{"self":[{"href":"https:\/\/syscom.lu\/index.php\/wp-json\/wp\/v2\/pages\/100"}],"collection":[{"href":"https:\/\/syscom.lu\/index.php\/wp-json\/wp\/v2\/pages"}],"about":[{"href":"https:\/\/syscom.lu\/index.php\/wp-json\/wp\/v2\/types\/page"}],"author":[{"embeddable":true,"href":"https:\/\/syscom.lu\/index.php\/wp-json\/wp\/v2\/users\/1"}],"replies":[{"embeddable":true,"href":"https:\/\/syscom.lu\/index.php\/wp-json\/wp\/v2\/comments?post=100"}],"version-history":[{"count":6,"href":"https:\/\/syscom.lu\/index.php\/wp-json\/wp\/v2\/pages\/100\/revisions"}],"predecessor-version":[{"id":172,"href":"https:\/\/syscom.lu\/index.php\/wp-json\/wp\/v2\/pages\/100\/revisions\/172"}],"wp:attachment":[{"href":"https:\/\/syscom.lu\/index.php\/wp-json\/wp\/v2\/media?parent=100"}],"curies":[{"name":"wp","href":"https:\/\/api.w.org\/{rel}","templated":true}]}}